{"id":20530,"date":"2023-09-04T17:32:40","date_gmt":"2023-09-04T15:32:40","guid":{"rendered":"http:\/\/archivl.cluster028.hosting.ovh.net\/?page_id=20530"},"modified":"2023-09-13T17:40:05","modified_gmt":"2023-09-13T15:40:05","slug":"arrosage-eclairage","status":"publish","type":"page","link":"https:\/\/archivert.fr\/index.php\/arrosage-eclairage\/","title":{"rendered":"Arrosage &#038; \u00e9clairage"},"content":{"rendered":"<p><div class=\"fusion-fullwidth fullwidth-box fusion-builder-row-1 fusion-flex-container fusion-parallax-none nonhundred-percent-fullwidth non-hundred-percent-height-scrolling lazyload fusion-animated\" style=\"--awb-background-position-small:left top;--awb-border-sizes-top:0px;--awb-border-sizes-bottom:0px;--awb-border-sizes-left:0px;--awb-border-sizes-right:0px;--awb-border-radius-top-left:0px;--awb-border-radius-top-right:0px;--awb-border-radius-bottom-right:0px;--awb-border-radius-bottom-left:0px;--awb-padding-top:8vw;--awb-padding-right:30px;--awb-padding-bottom:0px;--awb-padding-left:30px;--awb-padding-top-small:329.227px;--awb-margin-top:0px;--awb-margin-bottom:86px;--awb-margin-bottom-medium:145px;--awb-background-image:linear-gradient(180deg, rgba(26,2,0,0.1) 0%,rgba(255,255,255,0) 100%);;--awb-background-image-small:linear-gradient(180deg, rgba(26,2,0,0.1) 0%,rgba(255,255,255,0) 100%);;--awb-background-size:cover;--awb-flex-wrap:wrap;\" data-bg=\"https:\/\/archivert.fr\/wp-content\/uploads\/2023\/09\/DSC_0771-scaled.jpg\" data-fusion-responsive-bg=\"1\" data-bg-small=\"https:\/\/archivert.fr\/wp-content\/uploads\/2023\/09\/DSC_1214-scaled.jpg\" data-bg-gradient=\"linear-gradient(180deg, rgba(26,2,0,0.1) 0%,rgba(255,255,255,0) 100%)\" data-animationType=\"fadeIn\" data-animationDuration=\"0.8\" data-animationOffset=\"top-into-view\" ><div class=\"fusion-builder-row fusion-row fusion-flex-align-items-flex-start fusion-flex-content-wrap\" style=\"max-width:1216.8px;margin-left: calc(-4% \/ 2 );margin-right: calc(-4% \/ 2 );\"><div class=\"fusion-layout-column fusion_builder_column fusion-builder-column-0 fusion-flex-column fusion-animated\" style=\"--awb-padding-top:85px;--awb-padding-right:85px;--awb-padding-bottom:85px;--awb-padding-left:85px;--awb-padding-top-small:50px;--awb-padding-right-small:50px;--awb-padding-bottom-small:50px;--awb-padding-left-small:50px;--awb-bg-color:#ffffff;--awb-bg-color-hover:#ffffff;--awb-bg-size:cover;--awb-width-large:52%;--awb-margin-top-large:0px;--awb-spacing-right-large:7.2%;--awb-margin-bottom-large:-65px;--awb-spacing-left-large:0%;--awb-width-medium:66.666666666667%;--awb-order-medium:0;--awb-spacing-right-medium:5.616%;--awb-spacing-left-medium:0%;--awb-width-small:100%;--awb-order-small:0;--awb-spacing-right-small:1.92%;--awb-spacing-left-small:1.92%;\" data-animationType=\"bounceInUp\" data-animationDuration=\"1.3\" data-animationOffset=\"top-into-view\"><div class=\"fusion-column-wrapper lazyload fusion-column-has-shadow fusion-flex-justify-content-flex-start fusion-content-layout-column fusion-column-has-bg-image\" data-bg-url=\"https:\/\/archivert.fr\/wp-content\/uploads\/2023\/09\/FOND-feuilles.jpg\" data-bg=\"https:\/\/archivert.fr\/wp-content\/uploads\/2023\/09\/FOND-feuilles.jpg\"><div class=\"fusion-text fusion-text-1\" style=\"--awb-font-size:19px;--awb-line-height:1.7;--awb-letter-spacing:0px;--awb-text-transform:var(--awb-typography2-text-transform);--awb-text-color:#ff5949;--awb-text-font-family:&quot;Readex Pro&quot;;--awb-text-font-style:normal;--awb-text-font-weight:400;\"><p><span style=\"color: #008080;\">PRESTATIONS<\/span><\/p>\n<\/div><div class=\"fusion-title title fusion-title-1 fusion-title-text fusion-title-size-two\" style=\"--awb-text-color:#1a0200;--awb-margin-top:0px;--awb-margin-right:0px;--awb-margin-bottom:35px;--awb-margin-left:0px;--awb-margin-top-small:0px;--awb-margin-right-small:0px;--awb-margin-left-small:0px;--awb-font-size:47px;\"><div class=\"title-sep-container title-sep-container-left fusion-no-large-visibility fusion-no-medium-visibility fusion-no-small-visibility\"><div class=\"title-sep sep- sep-solid\" style=\"border-color:var(--awb-color3);\"><\/div><\/div><span class=\"awb-title-spacer fusion-no-large-visibility fusion-no-medium-visibility fusion-no-small-visibility\"><\/span><h2 class=\"fusion-title-heading title-heading-left fusion-responsive-typography-calculated\" style=\"font-family:&quot;Zen Antique&quot;;font-style:normal;font-weight:400;margin:0;letter-spacing:-0.03em;text-transform:var(--awb-typography1-text-transform);font-size:1em;--fontSize:47;line-height:1.2;\">Arrosage &amp; \u00e9clairage<\/h2><span class=\"awb-title-spacer\"><\/span><div class=\"title-sep-container title-sep-container-right\"><div class=\"title-sep sep- sep-solid\" style=\"border-color:var(--awb-color3);\"><\/div><\/div><\/div><div class=\"fusion-text fusion-text-2\" style=\"--awb-font-size:17px;--awb-line-height:1.7;--awb-letter-spacing:var(--awb-typography4-letter-spacing);--awb-text-transform:var(--awb-typography4-text-transform);--awb-text-color:#1a0200;--awb-text-font-family:&quot;Readex Pro&quot;;--awb-text-font-style:normal;--awb-text-font-weight:300;\"><p>Nous utilisons l\u2019eau de fa\u00e7on raisonn\u00e9e, juste ce qu\u2019il faut o\u00f9 il faut, suivant la nature des sols et les conditions climatiques, parce que l\u2019eau est pr\u00e9cieuse, nous utilisons des syst\u00e8mes d\u2019arrosage automatique programm\u00e9s.<\/p>\n<p>Tout comme les r\u00e9seaux d\u2019irrigation, l\u2019\u00e9clairage du jardin fait partie de nos cr\u00e9ations et, est int\u00e9gr\u00e9 dans le plan d\u2019am\u00e9nagement. Pour profiter de votre espace vert d\u00e8s la tomb\u00e9e de la nuit, parce que le jardin se vie aussi la nuit.<\/p>\n<\/div><\/div><\/div><\/div><\/div><div class=\"fusion-fullwidth fullwidth-box fusion-builder-row-2 fusion-flex-container has-pattern-background has-mask-background nonhundred-percent-fullwidth non-hundred-percent-height-scrolling\" style=\"--awb-border-radius-top-left:0px;--awb-border-radius-top-right:0px;--awb-border-radius-bottom-right:0px;--awb-border-radius-bottom-left:0px;--awb-padding-top:0px;--awb-padding-right:0px;--awb-padding-left:0px;--awb-flex-wrap:wrap;\" ><div class=\"fusion-builder-row fusion-row fusion-flex-align-items-flex-start fusion-flex-content-wrap\" style=\"max-width:1216.8px;margin-left: calc(-4% \/ 2 );margin-right: calc(-4% \/ 2 );\"><div class=\"fusion-layout-column fusion_builder_column fusion-builder-column-1 fusion_builder_column_1_1 1_1 fusion-flex-column\" style=\"--awb-bg-size:cover;--awb-width-large:100%;--awb-margin-top-large:15px;--awb-spacing-right-large:1.92%;--awb-margin-bottom-large:15px;--awb-spacing-left-large:1.92%;--awb-width-medium:100%;--awb-order-medium:0;--awb-spacing-right-medium:1.92%;--awb-spacing-left-medium:1.92%;--awb-width-small:100%;--awb-order-small:0;--awb-spacing-right-small:1.92%;--awb-spacing-left-small:1.92%;\"><div class=\"fusion-column-wrapper fusion-column-has-shadow fusion-flex-justify-content-flex-start fusion-content-layout-column\"><div class=\"fusion-slider-sc\"><div class=\"fusion-flexslider-loading flexslider flexslider-hover-type-zoomin\" data-slideshow_autoplay=\"1\" data-slideshow_smooth_height=\"0\" data-slideshow_speed=\"3250\" style=\"max-width:100%;height:100%;\"><ul class=\"slides\"><li class=\"image\"><span class=\"lazyload fusion-image-hover-element hover-type-zoomin\"><img decoding=\"async\" src=\"https:\/\/archivert.fr\/wp-content\/uploads\/2023\/09\/DSC_0213-scaled.jpg\" data-orig-src=\"https:\/\/archivert.fr\/wp-content\/uploads\/2023\/09\/DSC_0213-scaled.jpg\" width=\"2560\" height=\"1707\" class=\"lazyload wp-image-20490\" srcset=\"data:image\/svg+xml,%3Csvg%20xmlns%3D%27http%3A%2F%2Fwww.w3.org%2F2000%2Fsvg%27%20width%3D%272560%27%20height%3D%271707%27%20viewBox%3D%270%200%202560%201707%27%3E%3Crect%20width%3D%272560%27%20height%3D%271707%27%20fill-opacity%3D%220%22%2F%3E%3C%2Fsvg%3E\" data-srcset=\"https:\/\/archivert.fr\/wp-content\/uploads\/2023\/09\/DSC_0213-200x133.jpg 200w, https:\/\/archivert.fr\/wp-content\/uploads\/2023\/09\/DSC_0213-400x267.jpg 400w, https:\/\/archivert.fr\/wp-content\/uploads\/2023\/09\/DSC_0213-600x400.jpg 600w, https:\/\/archivert.fr\/wp-content\/uploads\/2023\/09\/DSC_0213-800x533.jpg 800w, https:\/\/archivert.fr\/wp-content\/uploads\/2023\/09\/DSC_0213-1200x800.jpg 1200w, https:\/\/archivert.fr\/wp-content\/uploads\/2023\/09\/DSC_0213-scaled.jpg 2560w\" data-sizes=\"auto\" data-orig-sizes=\"(max-width: 1024px) 100vw, (max-width: 640px) 100vw, 1200px\" \/><\/span><\/li><li class=\"image\"><span class=\"lazyload fusion-image-hover-element hover-type-zoomin\"><img decoding=\"async\" src=\"https:\/\/archivert.fr\/wp-content\/uploads\/2023\/09\/DSC_0215-scaled.jpg\" data-orig-src=\"https:\/\/archivert.fr\/wp-content\/uploads\/2023\/09\/DSC_0215-scaled.jpg\" width=\"2560\" height=\"1707\" class=\"lazyload wp-image-20491\" srcset=\"data:image\/svg+xml,%3Csvg%20xmlns%3D%27http%3A%2F%2Fwww.w3.org%2F2000%2Fsvg%27%20width%3D%272560%27%20height%3D%271707%27%20viewBox%3D%270%200%202560%201707%27%3E%3Crect%20width%3D%272560%27%20height%3D%271707%27%20fill-opacity%3D%220%22%2F%3E%3C%2Fsvg%3E\" data-srcset=\"https:\/\/archivert.fr\/wp-content\/uploads\/2023\/09\/DSC_0215-200x133.jpg 200w, https:\/\/archivert.fr\/wp-content\/uploads\/2023\/09\/DSC_0215-400x267.jpg 400w, https:\/\/archivert.fr\/wp-content\/uploads\/2023\/09\/DSC_0215-600x400.jpg 600w, https:\/\/archivert.fr\/wp-content\/uploads\/2023\/09\/DSC_0215-800x533.jpg 800w, https:\/\/archivert.fr\/wp-content\/uploads\/2023\/09\/DSC_0215-1200x800.jpg 1200w, https:\/\/archivert.fr\/wp-content\/uploads\/2023\/09\/DSC_0215-scaled.jpg 2560w\" data-sizes=\"auto\" data-orig-sizes=\"(max-width: 1024px) 100vw, (max-width: 640px) 100vw, 1200px\" \/><\/span><\/li><li class=\"image\"><span class=\"lazyload fusion-image-hover-element hover-type-zoomin\"><img decoding=\"async\" src=\"https:\/\/archivert.fr\/wp-content\/uploads\/2023\/09\/DSC_0493-scaled.jpg\" data-orig-src=\"https:\/\/archivert.fr\/wp-content\/uploads\/2023\/09\/DSC_0493-scaled.jpg\" width=\"2560\" height=\"1707\" class=\"lazyload wp-image-20492\" srcset=\"data:image\/svg+xml,%3Csvg%20xmlns%3D%27http%3A%2F%2Fwww.w3.org%2F2000%2Fsvg%27%20width%3D%272560%27%20height%3D%271707%27%20viewBox%3D%270%200%202560%201707%27%3E%3Crect%20width%3D%272560%27%20height%3D%271707%27%20fill-opacity%3D%220%22%2F%3E%3C%2Fsvg%3E\" data-srcset=\"https:\/\/archivert.fr\/wp-content\/uploads\/2023\/09\/DSC_0493-200x133.jpg 200w, https:\/\/archivert.fr\/wp-content\/uploads\/2023\/09\/DSC_0493-400x267.jpg 400w, https:\/\/archivert.fr\/wp-content\/uploads\/2023\/09\/DSC_0493-600x400.jpg 600w, https:\/\/archivert.fr\/wp-content\/uploads\/2023\/09\/DSC_0493-800x533.jpg 800w, https:\/\/archivert.fr\/wp-content\/uploads\/2023\/09\/DSC_0493-1200x800.jpg 1200w, https:\/\/archivert.fr\/wp-content\/uploads\/2023\/09\/DSC_0493-scaled.jpg 2560w\" data-sizes=\"auto\" data-orig-sizes=\"(max-width: 1024px) 100vw, (max-width: 640px) 100vw, 1200px\" \/><\/span><\/li><li class=\"image\"><span class=\"lazyload fusion-image-hover-element hover-type-zoomin\"><img decoding=\"async\" src=\"https:\/\/archivert.fr\/wp-content\/uploads\/2023\/09\/DSC_0771-scaled.jpg\" data-orig-src=\"https:\/\/archivert.fr\/wp-content\/uploads\/2023\/09\/DSC_0771-scaled.jpg\" width=\"2560\" height=\"1707\" class=\"lazyload wp-image-20493\" srcset=\"data:image\/svg+xml,%3Csvg%20xmlns%3D%27http%3A%2F%2Fwww.w3.org%2F2000%2Fsvg%27%20width%3D%272560%27%20height%3D%271707%27%20viewBox%3D%270%200%202560%201707%27%3E%3Crect%20width%3D%272560%27%20height%3D%271707%27%20fill-opacity%3D%220%22%2F%3E%3C%2Fsvg%3E\" data-srcset=\"https:\/\/archivert.fr\/wp-content\/uploads\/2023\/09\/DSC_0771-200x133.jpg 200w, https:\/\/archivert.fr\/wp-content\/uploads\/2023\/09\/DSC_0771-400x267.jpg 400w, https:\/\/archivert.fr\/wp-content\/uploads\/2023\/09\/DSC_0771-600x400.jpg 600w, https:\/\/archivert.fr\/wp-content\/uploads\/2023\/09\/DSC_0771-800x533.jpg 800w, https:\/\/archivert.fr\/wp-content\/uploads\/2023\/09\/DSC_0771-1200x800.jpg 1200w, https:\/\/archivert.fr\/wp-content\/uploads\/2023\/09\/DSC_0771-scaled.jpg 2560w\" data-sizes=\"auto\" data-orig-sizes=\"(max-width: 1024px) 100vw, (max-width: 640px) 100vw, 1200px\" \/><\/span><\/li><li class=\"image\"><span class=\"lazyload fusion-image-hover-element hover-type-zoomin\"><img decoding=\"async\" src=\"https:\/\/archivert.fr\/wp-content\/uploads\/2023\/09\/DSC_0002-scaled.jpg\" data-orig-src=\"https:\/\/archivert.fr\/wp-content\/uploads\/2023\/09\/DSC_0002-scaled.jpg\" width=\"2560\" height=\"1707\" class=\"lazyload wp-image-20495\" srcset=\"data:image\/svg+xml,%3Csvg%20xmlns%3D%27http%3A%2F%2Fwww.w3.org%2F2000%2Fsvg%27%20width%3D%272560%27%20height%3D%271707%27%20viewBox%3D%270%200%202560%201707%27%3E%3Crect%20width%3D%272560%27%20height%3D%271707%27%20fill-opacity%3D%220%22%2F%3E%3C%2Fsvg%3E\" data-srcset=\"https:\/\/archivert.fr\/wp-content\/uploads\/2023\/09\/DSC_0002-200x133.jpg 200w, https:\/\/archivert.fr\/wp-content\/uploads\/2023\/09\/DSC_0002-400x267.jpg 400w, https:\/\/archivert.fr\/wp-content\/uploads\/2023\/09\/DSC_0002-600x400.jpg 600w, https:\/\/archivert.fr\/wp-content\/uploads\/2023\/09\/DSC_0002-800x533.jpg 800w, https:\/\/archivert.fr\/wp-content\/uploads\/2023\/09\/DSC_0002-1200x800.jpg 1200w, https:\/\/archivert.fr\/wp-content\/uploads\/2023\/09\/DSC_0002-scaled.jpg 2560w\" data-sizes=\"auto\" data-orig-sizes=\"(max-width: 1024px) 100vw, (max-width: 640px) 100vw, 1200px\" \/><\/span><\/li><li class=\"image\"><span class=\"lazyload fusion-image-hover-element hover-type-zoomin\"><img decoding=\"async\" src=\"https:\/\/archivert.fr\/wp-content\/uploads\/2023\/09\/DSCN3105-scaled.jpg\" data-orig-src=\"https:\/\/archivert.fr\/wp-content\/uploads\/2023\/09\/DSCN3105-scaled.jpg\" width=\"2560\" height=\"1920\" class=\"lazyload wp-image-20494\" srcset=\"data:image\/svg+xml,%3Csvg%20xmlns%3D%27http%3A%2F%2Fwww.w3.org%2F2000%2Fsvg%27%20width%3D%272560%27%20height%3D%271920%27%20viewBox%3D%270%200%202560%201920%27%3E%3Crect%20width%3D%272560%27%20height%3D%271920%27%20fill-opacity%3D%220%22%2F%3E%3C%2Fsvg%3E\" data-srcset=\"https:\/\/archivert.fr\/wp-content\/uploads\/2023\/09\/DSCN3105-200x150.jpg 200w, https:\/\/archivert.fr\/wp-content\/uploads\/2023\/09\/DSCN3105-400x300.jpg 400w, https:\/\/archivert.fr\/wp-content\/uploads\/2023\/09\/DSCN3105-600x450.jpg 600w, https:\/\/archivert.fr\/wp-content\/uploads\/2023\/09\/DSCN3105-800x600.jpg 800w, https:\/\/archivert.fr\/wp-content\/uploads\/2023\/09\/DSCN3105-1200x900.jpg 1200w, https:\/\/archivert.fr\/wp-content\/uploads\/2023\/09\/DSCN3105-scaled.jpg 2560w\" data-sizes=\"auto\" data-orig-sizes=\"(max-width: 1024px) 100vw, (max-width: 640px) 100vw, 1200px\" \/><\/span><\/li><\/ul><\/div><\/div><\/div><\/div><\/div><\/div><\/p>\n","protected":false},"excerpt":{"rendered":"","protected":false},"author":1,"featured_media":0,"parent":0,"menu_order":0,"comment_status":"closed","ping_status":"closed","template":"100-width.php","meta":{"footnotes":""},"class_list":["post-20530","page","type-page","status-publish","hentry"],"yoast_head":"<!-- This site is optimized with the Yoast SEO plugin v26.7 - https:\/\/yoast.com\/wordpress\/plugins\/seo\/ -->\n<title>Arrosage &amp; \u00e9clairage - Archivert<\/title>\n<meta name=\"robots\" content=\"index, follow, max-snippet:-1, max-image-preview:large, max-video-preview:-1\" \/>\n<link rel=\"canonical\" href=\"https:\/\/archivert.fr\/index.php\/arrosage-eclairage\/\" \/>\n<meta property=\"og:locale\" content=\"fr_FR\" \/>\n<meta property=\"og:type\" content=\"article\" \/>\n<meta property=\"og:title\" content=\"Arrosage &amp; \u00e9clairage - Archivert\" \/>\n<meta property=\"og:url\" content=\"https:\/\/archivert.fr\/index.php\/arrosage-eclairage\/\" \/>\n<meta property=\"og:site_name\" content=\"Archivert\" \/>\n<meta property=\"article:publisher\" content=\"https:\/\/www.facebook.com\/profile.php?id=100057197721161\" \/>\n<meta property=\"article:modified_time\" content=\"2023-09-13T15:40:05+00:00\" \/>\n<meta property=\"og:image\" content=\"https:\/\/archivert.fr\/wp-content\/uploads\/2023\/09\/logo.png\" \/>\n\t<meta property=\"og:image:width\" content=\"266\" \/>\n\t<meta property=\"og:image:height\" content=\"132\" \/>\n\t<meta property=\"og:image:type\" content=\"image\/png\" \/>\n<meta name=\"twitter:card\" content=\"summary_large_image\" \/>\n<meta name=\"twitter:label1\" content=\"Dur\u00e9e de lecture estim\u00e9e\" \/>\n\t<meta name=\"twitter:data1\" content=\"7 minutes\" \/>\n<script type=\"application\/ld+json\" class=\"yoast-schema-graph\">{\"@context\":\"https:\/\/schema.org\",\"@graph\":[{\"@type\":\"WebPage\",\"@id\":\"https:\/\/archivert.fr\/index.php\/arrosage-eclairage\/\",\"url\":\"https:\/\/archivert.fr\/index.php\/arrosage-eclairage\/\",\"name\":\"Arrosage & \u00e9clairage - Archivert\",\"isPartOf\":{\"@id\":\"https:\/\/archivert.fr\/#website\"},\"datePublished\":\"2023-09-04T15:32:40+00:00\",\"dateModified\":\"2023-09-13T15:40:05+00:00\",\"breadcrumb\":{\"@id\":\"https:\/\/archivert.fr\/index.php\/arrosage-eclairage\/#breadcrumb\"},\"inLanguage\":\"fr-FR\",\"potentialAction\":[{\"@type\":\"ReadAction\",\"target\":[\"https:\/\/archivert.fr\/index.php\/arrosage-eclairage\/\"]}]},{\"@type\":\"BreadcrumbList\",\"@id\":\"https:\/\/archivert.fr\/index.php\/arrosage-eclairage\/#breadcrumb\",\"itemListElement\":[{\"@type\":\"ListItem\",\"position\":1,\"name\":\"Accueil\",\"item\":\"https:\/\/archivert.fr\/\"},{\"@type\":\"ListItem\",\"position\":2,\"name\":\"Arrosage &#038; \u00e9clairage\"}]},{\"@type\":\"WebSite\",\"@id\":\"https:\/\/archivert.fr\/#website\",\"url\":\"https:\/\/archivert.fr\/\",\"name\":\"Archivert Paysagistes\",\"description\":\"Paysagistes \u00e0 N\u00eemes, Uz\u00e8s, Argilliers dans le Gard\",\"publisher\":{\"@id\":\"https:\/\/archivert.fr\/#organization\"},\"alternateName\":\"Archivert\",\"potentialAction\":[{\"@type\":\"SearchAction\",\"target\":{\"@type\":\"EntryPoint\",\"urlTemplate\":\"https:\/\/archivert.fr\/?s={search_term_string}\"},\"query-input\":{\"@type\":\"PropertyValueSpecification\",\"valueRequired\":true,\"valueName\":\"search_term_string\"}}],\"inLanguage\":\"fr-FR\"},{\"@type\":\"Organization\",\"@id\":\"https:\/\/archivert.fr\/#organization\",\"name\":\"Archivert\",\"url\":\"https:\/\/archivert.fr\/\",\"logo\":{\"@type\":\"ImageObject\",\"inLanguage\":\"fr-FR\",\"@id\":\"https:\/\/archivert.fr\/#\/schema\/logo\/image\/\",\"url\":\"https:\/\/archivert.fr\/wp-content\/uploads\/2023\/09\/logo.png\",\"contentUrl\":\"https:\/\/archivert.fr\/wp-content\/uploads\/2023\/09\/logo.png\",\"width\":266,\"height\":132,\"caption\":\"Archivert\"},\"image\":{\"@id\":\"https:\/\/archivert.fr\/#\/schema\/logo\/image\/\"},\"sameAs\":[\"https:\/\/www.facebook.com\/profile.php?id=100057197721161\"]}]}<\/script>\n<!-- \/ Yoast SEO plugin. -->","yoast_head_json":{"title":"Arrosage & \u00e9clairage - Archivert","robots":{"index":"index","follow":"follow","max-snippet":"max-snippet:-1","max-image-preview":"max-image-preview:large","max-video-preview":"max-video-preview:-1"},"canonical":"https:\/\/archivert.fr\/index.php\/arrosage-eclairage\/","og_locale":"fr_FR","og_type":"article","og_title":"Arrosage & \u00e9clairage - Archivert","og_url":"https:\/\/archivert.fr\/index.php\/arrosage-eclairage\/","og_site_name":"Archivert","article_publisher":"https:\/\/www.facebook.com\/profile.php?id=100057197721161","article_modified_time":"2023-09-13T15:40:05+00:00","og_image":[{"width":266,"height":132,"url":"https:\/\/archivert.fr\/wp-content\/uploads\/2023\/09\/logo.png","type":"image\/png"}],"twitter_card":"summary_large_image","twitter_misc":{"Dur\u00e9e de lecture estim\u00e9e":"7 minutes"},"schema":{"@context":"https:\/\/schema.org","@graph":[{"@type":"WebPage","@id":"https:\/\/archivert.fr\/index.php\/arrosage-eclairage\/","url":"https:\/\/archivert.fr\/index.php\/arrosage-eclairage\/","name":"Arrosage & \u00e9clairage - Archivert","isPartOf":{"@id":"https:\/\/archivert.fr\/#website"},"datePublished":"2023-09-04T15:32:40+00:00","dateModified":"2023-09-13T15:40:05+00:00","breadcrumb":{"@id":"https:\/\/archivert.fr\/index.php\/arrosage-eclairage\/#breadcrumb"},"inLanguage":"fr-FR","potentialAction":[{"@type":"ReadAction","target":["https:\/\/archivert.fr\/index.php\/arrosage-eclairage\/"]}]},{"@type":"BreadcrumbList","@id":"https:\/\/archivert.fr\/index.php\/arrosage-eclairage\/#breadcrumb","itemListElement":[{"@type":"ListItem","position":1,"name":"Accueil","item":"https:\/\/archivert.fr\/"},{"@type":"ListItem","position":2,"name":"Arrosage &#038; \u00e9clairage"}]},{"@type":"WebSite","@id":"https:\/\/archivert.fr\/#website","url":"https:\/\/archivert.fr\/","name":"Archivert Paysagistes","description":"Paysagistes \u00e0 N\u00eemes, Uz\u00e8s, Argilliers dans le Gard","publisher":{"@id":"https:\/\/archivert.fr\/#organization"},"alternateName":"Archivert","potentialAction":[{"@type":"SearchAction","target":{"@type":"EntryPoint","urlTemplate":"https:\/\/archivert.fr\/?s={search_term_string}"},"query-input":{"@type":"PropertyValueSpecification","valueRequired":true,"valueName":"search_term_string"}}],"inLanguage":"fr-FR"},{"@type":"Organization","@id":"https:\/\/archivert.fr\/#organization","name":"Archivert","url":"https:\/\/archivert.fr\/","logo":{"@type":"ImageObject","inLanguage":"fr-FR","@id":"https:\/\/archivert.fr\/#\/schema\/logo\/image\/","url":"https:\/\/archivert.fr\/wp-content\/uploads\/2023\/09\/logo.png","contentUrl":"https:\/\/archivert.fr\/wp-content\/uploads\/2023\/09\/logo.png","width":266,"height":132,"caption":"Archivert"},"image":{"@id":"https:\/\/archivert.fr\/#\/schema\/logo\/image\/"},"sameAs":["https:\/\/www.facebook.com\/profile.php?id=100057197721161"]}]}},"_links":{"self":[{"href":"https:\/\/archivert.fr\/index.php\/wp-json\/wp\/v2\/pages\/20530","targetHints":{"allow":["GET"]}}],"collection":[{"href":"https:\/\/archivert.fr\/index.php\/wp-json\/wp\/v2\/pages"}],"about":[{"href":"https:\/\/archivert.fr\/index.php\/wp-json\/wp\/v2\/types\/page"}],"author":[{"embeddable":true,"href":"https:\/\/archivert.fr\/index.php\/wp-json\/wp\/v2\/users\/1"}],"replies":[{"embeddable":true,"href":"https:\/\/archivert.fr\/index.php\/wp-json\/wp\/v2\/comments?post=20530"}],"version-history":[{"count":0,"href":"https:\/\/archivert.fr\/index.php\/wp-json\/wp\/v2\/pages\/20530\/revisions"}],"wp:attachment":[{"href":"https:\/\/archivert.fr\/index.php\/wp-json\/wp\/v2\/media?parent=20530"}],"curies":[{"name":"wp","href":"https:\/\/api.w.org\/{rel}","templated":true}]}}