{"id":21297,"date":"2023-09-14T10:18:04","date_gmt":"2023-09-14T08:18:04","guid":{"rendered":"http:\/\/archivl.cluster028.hosting.ovh.net\/?page_id=21297"},"modified":"2023-09-14T10:18:04","modified_gmt":"2023-09-14T08:18:04","slug":"terms-of-service","status":"publish","type":"page","link":"https:\/\/archivert.fr\/index.php\/en\/terms-of-service\/","title":{"rendered":"Terms of Service"},"content":{"rendered":"","protected":false},"excerpt":{"rendered":"","protected":false},"author":1,"featured_media":0,"parent":0,"menu_order":0,"comment_status":"closed","ping_status":"closed","template":"100-width.php","meta":{"footnotes":""},"class_list":["post-21297","page","type-page","status-publish","hentry"],"yoast_head":"<!-- This site is optimized with the Yoast SEO plugin v26.7 - https:\/\/yoast.com\/wordpress\/plugins\/seo\/ -->\n<title>Terms of Service - Archivert<\/title>\n<meta name=\"robots\" content=\"index, follow, max-snippet:-1, max-image-preview:large, max-video-preview:-1\" \/>\n<link rel=\"canonical\" href=\"https:\/\/archivert.fr\/index.php\/en\/terms-of-service\/\" \/>\n<meta property=\"og:locale\" content=\"fr_FR\" \/>\n<meta property=\"og:type\" content=\"article\" \/>\n<meta property=\"og:title\" content=\"Terms of Service - Archivert\" \/>\n<meta property=\"og:url\" content=\"https:\/\/archivert.fr\/index.php\/en\/terms-of-service\/\" \/>\n<meta property=\"og:site_name\" content=\"Archivert\" \/>\n<meta property=\"article:publisher\" content=\"https:\/\/www.facebook.com\/profile.php?id=100057197721161\" \/>\n<meta property=\"og:image\" content=\"https:\/\/archivert.fr\/wp-content\/uploads\/2023\/09\/logo.png\" \/>\n\t<meta property=\"og:image:width\" content=\"266\" \/>\n\t<meta property=\"og:image:height\" content=\"132\" \/>\n\t<meta property=\"og:image:type\" content=\"image\/png\" \/>\n<meta name=\"twitter:card\" content=\"summary_large_image\" \/>\n<script type=\"application\/ld+json\" class=\"yoast-schema-graph\">{\"@context\":\"https:\/\/schema.org\",\"@graph\":[{\"@type\":\"WebPage\",\"@id\":\"https:\/\/archivert.fr\/index.php\/en\/terms-of-service\/\",\"url\":\"https:\/\/archivert.fr\/index.php\/en\/terms-of-service\/\",\"name\":\"Terms of Service - Archivert\",\"isPartOf\":{\"@id\":\"https:\/\/archivert.fr\/#website\"},\"datePublished\":\"2023-09-14T08:18:04+00:00\",\"breadcrumb\":{\"@id\":\"https:\/\/archivert.fr\/index.php\/en\/terms-of-service\/#breadcrumb\"},\"inLanguage\":\"fr-FR\",\"potentialAction\":[{\"@type\":\"ReadAction\",\"target\":[\"https:\/\/archivert.fr\/index.php\/en\/terms-of-service\/\"]}]},{\"@type\":\"BreadcrumbList\",\"@id\":\"https:\/\/archivert.fr\/index.php\/en\/terms-of-service\/#breadcrumb\",\"itemListElement\":[{\"@type\":\"ListItem\",\"position\":1,\"name\":\"Accueil\",\"item\":\"https:\/\/archivert.fr\/\"},{\"@type\":\"ListItem\",\"position\":2,\"name\":\"Terms of Service\"}]},{\"@type\":\"WebSite\",\"@id\":\"https:\/\/archivert.fr\/#website\",\"url\":\"https:\/\/archivert.fr\/\",\"name\":\"Archivert Paysagistes\",\"description\":\"Paysagistes \u00e0 N\u00eemes, Uz\u00e8s, Argilliers dans le Gard\",\"publisher\":{\"@id\":\"https:\/\/archivert.fr\/#organization\"},\"alternateName\":\"Archivert\",\"potentialAction\":[{\"@type\":\"SearchAction\",\"target\":{\"@type\":\"EntryPoint\",\"urlTemplate\":\"https:\/\/archivert.fr\/?s={search_term_string}\"},\"query-input\":{\"@type\":\"PropertyValueSpecification\",\"valueRequired\":true,\"valueName\":\"search_term_string\"}}],\"inLanguage\":\"fr-FR\"},{\"@type\":\"Organization\",\"@id\":\"https:\/\/archivert.fr\/#organization\",\"name\":\"Archivert\",\"url\":\"https:\/\/archivert.fr\/\",\"logo\":{\"@type\":\"ImageObject\",\"inLanguage\":\"fr-FR\",\"@id\":\"https:\/\/archivert.fr\/#\/schema\/logo\/image\/\",\"url\":\"https:\/\/archivert.fr\/wp-content\/uploads\/2023\/09\/logo.png\",\"contentUrl\":\"https:\/\/archivert.fr\/wp-content\/uploads\/2023\/09\/logo.png\",\"width\":266,\"height\":132,\"caption\":\"Archivert\"},\"image\":{\"@id\":\"https:\/\/archivert.fr\/#\/schema\/logo\/image\/\"},\"sameAs\":[\"https:\/\/www.facebook.com\/profile.php?id=100057197721161\"]}]}<\/script>\n<!-- \/ Yoast SEO plugin. -->","yoast_head_json":{"title":"Terms of Service - Archivert","robots":{"index":"index","follow":"follow","max-snippet":"max-snippet:-1","max-image-preview":"max-image-preview:large","max-video-preview":"max-video-preview:-1"},"canonical":"https:\/\/archivert.fr\/index.php\/en\/terms-of-service\/","og_locale":"fr_FR","og_type":"article","og_title":"Terms of Service - Archivert","og_url":"https:\/\/archivert.fr\/index.php\/en\/terms-of-service\/","og_site_name":"Archivert","article_publisher":"https:\/\/www.facebook.com\/profile.php?id=100057197721161","og_image":[{"width":266,"height":132,"url":"https:\/\/archivert.fr\/wp-content\/uploads\/2023\/09\/logo.png","type":"image\/png"}],"twitter_card":"summary_large_image","schema":{"@context":"https:\/\/schema.org","@graph":[{"@type":"WebPage","@id":"https:\/\/archivert.fr\/index.php\/en\/terms-of-service\/","url":"https:\/\/archivert.fr\/index.php\/en\/terms-of-service\/","name":"Terms of Service - Archivert","isPartOf":{"@id":"https:\/\/archivert.fr\/#website"},"datePublished":"2023-09-14T08:18:04+00:00","breadcrumb":{"@id":"https:\/\/archivert.fr\/index.php\/en\/terms-of-service\/#breadcrumb"},"inLanguage":"fr-FR","potentialAction":[{"@type":"ReadAction","target":["https:\/\/archivert.fr\/index.php\/en\/terms-of-service\/"]}]},{"@type":"BreadcrumbList","@id":"https:\/\/archivert.fr\/index.php\/en\/terms-of-service\/#breadcrumb","itemListElement":[{"@type":"ListItem","position":1,"name":"Accueil","item":"https:\/\/archivert.fr\/"},{"@type":"ListItem","position":2,"name":"Terms of Service"}]},{"@type":"WebSite","@id":"https:\/\/archivert.fr\/#website","url":"https:\/\/archivert.fr\/","name":"Archivert Paysagistes","description":"Paysagistes \u00e0 N\u00eemes, Uz\u00e8s, Argilliers dans le Gard","publisher":{"@id":"https:\/\/archivert.fr\/#organization"},"alternateName":"Archivert","potentialAction":[{"@type":"SearchAction","target":{"@type":"EntryPoint","urlTemplate":"https:\/\/archivert.fr\/?s={search_term_string}"},"query-input":{"@type":"PropertyValueSpecification","valueRequired":true,"valueName":"search_term_string"}}],"inLanguage":"fr-FR"},{"@type":"Organization","@id":"https:\/\/archivert.fr\/#organization","name":"Archivert","url":"https:\/\/archivert.fr\/","logo":{"@type":"ImageObject","inLanguage":"fr-FR","@id":"https:\/\/archivert.fr\/#\/schema\/logo\/image\/","url":"https:\/\/archivert.fr\/wp-content\/uploads\/2023\/09\/logo.png","contentUrl":"https:\/\/archivert.fr\/wp-content\/uploads\/2023\/09\/logo.png","width":266,"height":132,"caption":"Archivert"},"image":{"@id":"https:\/\/archivert.fr\/#\/schema\/logo\/image\/"},"sameAs":["https:\/\/www.facebook.com\/profile.php?id=100057197721161"]}]}},"_links":{"self":[{"href":"https:\/\/archivert.fr\/index.php\/wp-json\/wp\/v2\/pages\/21297","targetHints":{"allow":["GET"]}}],"collection":[{"href":"https:\/\/archivert.fr\/index.php\/wp-json\/wp\/v2\/pages"}],"about":[{"href":"https:\/\/archivert.fr\/index.php\/wp-json\/wp\/v2\/types\/page"}],"author":[{"embeddable":true,"href":"https:\/\/archivert.fr\/index.php\/wp-json\/wp\/v2\/users\/1"}],"replies":[{"embeddable":true,"href":"https:\/\/archivert.fr\/index.php\/wp-json\/wp\/v2\/comments?post=21297"}],"version-history":[{"count":0,"href":"https:\/\/archivert.fr\/index.php\/wp-json\/wp\/v2\/pages\/21297\/revisions"}],"wp:attachment":[{"href":"https:\/\/archivert.fr\/index.php\/wp-json\/wp\/v2\/media?parent=21297"}],"curies":[{"name":"wp","href":"https:\/\/api.w.org\/{rel}","templated":true}]}}