{"id":21696,"date":"2025-01-11T10:01:04","date_gmt":"2025-01-11T09:01:04","guid":{"rendered":"https:\/\/archivert.fr\/?page_id=21696"},"modified":"2026-02-26T12:31:05","modified_gmt":"2026-02-26T11:31:05","slug":"mentions-legales","status":"publish","type":"page","link":"https:\/\/archivert.fr\/index.php\/mentions-legales\/","title":{"rendered":"Mentions l\u00e9gales"},"content":{"rendered":"<p>Le pr\u00e9sent site Internet (le \u00ab Site \u00bb) est \u00e9dit\u00e9 par E.I. Agence Miyou, entreprise individuelle dont le si\u00e8ge social est situ\u00e9 \u00e0 176 chemin de la grange,30126 Lirac, France, immatricul\u00e9e sous le num\u00e9ro 879 698 694.<\/p>\n<ul>\n<li>Directeur de publication : Coralie Civardi<\/li>\n<li>Webmaster : E.I. Agence Miyou<\/li>\n<li>Num\u00e9ro TVA intracommunautaire : FR22 879 698 694<\/li>\n<li>Adresse e-mail : hello@agencemiyou.com<\/li>\n<li>Num\u00e9ro de t\u00e9l\u00e9phone : +33 (0)6 58 21 03 22<\/li>\n<\/ul>\n<p>L\u2019h\u00e9bergement de l\u2019application est g\u00e9r\u00e9 par OVH :<\/p>\n<p>OVH<\/p>\n<p>SAS au capital de 50 000 000 \u20ac<\/p>\n<p>RCS Lille M\u00e9tropole 424 761 419 00045<\/p>\n<p>Code APE 2620Z<\/p>\n<p>N\u00b0 TVA : FR 22 424 761 419<\/p>\n<p>Si\u00e8ge social : 2 rue Kellermann \u2013 59100 Roubaix \u2013 France<\/p>\n<p>OVH SAS est une filiale de la soci\u00e9t\u00e9 OVH Groupe SA, soci\u00e9t\u00e9 immatricul\u00e9e au RCS de Lille sous le num\u00e9ro 537 407 926 sise 2, rue Kellermann, 59100 Roubaix.<\/p>\n<p>Directeur de la publication : Benjamin Revcolevschi<\/p>\n<p>Conditions d\u2019utilisation du site Internet www.archivert.fr<\/p>\n<p>Le site et chacun des \u00e9l\u00e9ments, y compris mais sans limitation les marques, les logos, ic\u00f4nes, infographies, photographies, qui le composent sont prot\u00e9g\u00e9s au titre de la l\u00e9gislation internationale de la propri\u00e9t\u00e9 intellectuelle. Les contenus figurant sur le site sont la propri\u00e9t\u00e9 de Archivert ou d\u2019autres entreprises. Toute utilisation, reproduction ou repr\u00e9sentation, par quelque proc\u00e9d\u00e9 que ce soit, et sur quelque support que ce soit, de tout ou partie du site et\/ou des \u00e9l\u00e9ments qui le composent n\u2019est pas autoris\u00e9e sans le consentement expresse \u00e0 Archivert<\/p>\n<p class=\"lettre\">LITIGES :<\/p>\n<p class=\"lettre\">\u00ab En cas de litige entre le professionnel et le consommateur, ceux-ci s\u2019efforceront de trouver une solution amiable.<\/p>\n<p class=\"lettre\">A d\u00e9faut d\u2019accord amiable, le consommateur a la possibilit\u00e9 de saisir gratuitement le m\u00e9diateur de la consommation dont rel\u00e8ve le professionnel, \u00e0 savoir l\u2019AME CONSO, dans un d\u00e9lai d\u2019un an \u00e0 compter de la r\u00e9clamation \u00e9crite adress\u00e9e au professionnel.<\/p>\n<p class=\"lettre\">La saisine du m\u00e9diateur de la consommation devra s\u2019effectuer :<\/p>\n<p class=\"lettre\">&#8211;\u00a0\u00a0\u00a0\u00a0\u00a0\u00a0\u00a0\u00a0\u00a0\u00a0\u00a0\u00a0\u00a0 soit en compl\u00e9tant le formulaire pr\u00e9vu \u00e0 cet effet sur le site internet de l\u2019AME CONSO : <a title=\"https:\/\/www.lopcloud.com\/blank.jpg\" href=\"https:\/\/www.lopcloud.com\/blank.jpg\" data-outlook-id=\"de8dea68-fd2e-4621-b4d8-85e6f4fc00d9\"><span class=\"hyperlink\">www.mediationconso-ame.com<\/span><\/a> ;<\/p>\n<p class=\"lettre\">&#8211;\u00a0\u00a0\u00a0\u00a0\u00a0\u00a0\u00a0\u00a0\u00a0\u00a0\u00a0\u00a0\u00a0 soit par courrier adress\u00e9 \u00e0 l\u2019AME CONSO, 197 Boulevard Saint-Germain &#8211; 75007 PARIS. \u00bb<\/p>\n<p><em>MAJ le 26.02.2026<\/em><\/p>\n<p>&nbsp;<\/p>\n","protected":false},"excerpt":{"rendered":"<p>Le pr\u00e9sent site Internet (le \u00ab Site \u00bb) est \u00e9dit\u00e9 par E.I. Agence Miyou, entreprise individuelle dont le si\u00e8ge social<\/p>\n","protected":false},"author":1,"featured_media":0,"parent":0,"menu_order":0,"comment_status":"closed","ping_status":"closed","template":"","meta":{"footnotes":""},"class_list":["post-21696","page","type-page","status-publish","hentry"],"yoast_head":"<!-- This site is optimized with the Yoast SEO plugin v26.7 - https:\/\/yoast.com\/wordpress\/plugins\/seo\/ -->\n<title>Mentions l\u00e9gales - Archivert<\/title>\n<meta name=\"robots\" content=\"index, follow, max-snippet:-1, max-image-preview:large, max-video-preview:-1\" \/>\n<link rel=\"canonical\" href=\"https:\/\/archivert.fr\/index.php\/mentions-legales\/\" \/>\n<meta property=\"og:locale\" content=\"fr_FR\" \/>\n<meta property=\"og:type\" content=\"article\" \/>\n<meta property=\"og:title\" content=\"Mentions l\u00e9gales - Archivert\" \/>\n<meta property=\"og:description\" content=\"Le pr\u00e9sent site Internet (le \u00ab Site \u00bb) est \u00e9dit\u00e9 par E.I. Agence Miyou, entreprise individuelle dont le si\u00e8ge social\" \/>\n<meta property=\"og:url\" content=\"https:\/\/archivert.fr\/index.php\/mentions-legales\/\" \/>\n<meta property=\"og:site_name\" content=\"Archivert\" \/>\n<meta property=\"article:publisher\" content=\"https:\/\/www.facebook.com\/profile.php?id=100057197721161\" \/>\n<meta property=\"article:modified_time\" content=\"2026-02-26T11:31:05+00:00\" \/>\n<meta property=\"og:image\" content=\"https:\/\/archivert.fr\/wp-content\/uploads\/2023\/09\/logo.png\" \/>\n\t<meta property=\"og:image:width\" content=\"266\" \/>\n\t<meta property=\"og:image:height\" content=\"132\" \/>\n\t<meta property=\"og:image:type\" content=\"image\/png\" \/>\n<meta name=\"twitter:card\" content=\"summary_large_image\" \/>\n<meta name=\"twitter:label1\" content=\"Dur\u00e9e de lecture estim\u00e9e\" \/>\n\t<meta name=\"twitter:data1\" content=\"2 minutes\" \/>\n<script type=\"application\/ld+json\" class=\"yoast-schema-graph\">{\"@context\":\"https:\/\/schema.org\",\"@graph\":[{\"@type\":\"WebPage\",\"@id\":\"https:\/\/archivert.fr\/index.php\/mentions-legales\/\",\"url\":\"https:\/\/archivert.fr\/index.php\/mentions-legales\/\",\"name\":\"Mentions l\u00e9gales - Archivert\",\"isPartOf\":{\"@id\":\"https:\/\/archivert.fr\/#website\"},\"datePublished\":\"2025-01-11T09:01:04+00:00\",\"dateModified\":\"2026-02-26T11:31:05+00:00\",\"breadcrumb\":{\"@id\":\"https:\/\/archivert.fr\/index.php\/mentions-legales\/#breadcrumb\"},\"inLanguage\":\"fr-FR\",\"potentialAction\":[{\"@type\":\"ReadAction\",\"target\":[\"https:\/\/archivert.fr\/index.php\/mentions-legales\/\"]}]},{\"@type\":\"BreadcrumbList\",\"@id\":\"https:\/\/archivert.fr\/index.php\/mentions-legales\/#breadcrumb\",\"itemListElement\":[{\"@type\":\"ListItem\",\"position\":1,\"name\":\"Accueil\",\"item\":\"https:\/\/archivert.fr\/\"},{\"@type\":\"ListItem\",\"position\":2,\"name\":\"Mentions l\u00e9gales\"}]},{\"@type\":\"WebSite\",\"@id\":\"https:\/\/archivert.fr\/#website\",\"url\":\"https:\/\/archivert.fr\/\",\"name\":\"Archivert Paysagistes\",\"description\":\"Paysagistes \u00e0 N\u00eemes, Uz\u00e8s, Argilliers dans le Gard\",\"publisher\":{\"@id\":\"https:\/\/archivert.fr\/#organization\"},\"alternateName\":\"Archivert\",\"potentialAction\":[{\"@type\":\"SearchAction\",\"target\":{\"@type\":\"EntryPoint\",\"urlTemplate\":\"https:\/\/archivert.fr\/?s={search_term_string}\"},\"query-input\":{\"@type\":\"PropertyValueSpecification\",\"valueRequired\":true,\"valueName\":\"search_term_string\"}}],\"inLanguage\":\"fr-FR\"},{\"@type\":\"Organization\",\"@id\":\"https:\/\/archivert.fr\/#organization\",\"name\":\"Archivert\",\"url\":\"https:\/\/archivert.fr\/\",\"logo\":{\"@type\":\"ImageObject\",\"inLanguage\":\"fr-FR\",\"@id\":\"https:\/\/archivert.fr\/#\/schema\/logo\/image\/\",\"url\":\"https:\/\/archivert.fr\/wp-content\/uploads\/2023\/09\/logo.png\",\"contentUrl\":\"https:\/\/archivert.fr\/wp-content\/uploads\/2023\/09\/logo.png\",\"width\":266,\"height\":132,\"caption\":\"Archivert\"},\"image\":{\"@id\":\"https:\/\/archivert.fr\/#\/schema\/logo\/image\/\"},\"sameAs\":[\"https:\/\/www.facebook.com\/profile.php?id=100057197721161\"]}]}<\/script>\n<!-- \/ Yoast SEO plugin. -->","yoast_head_json":{"title":"Mentions l\u00e9gales - Archivert","robots":{"index":"index","follow":"follow","max-snippet":"max-snippet:-1","max-image-preview":"max-image-preview:large","max-video-preview":"max-video-preview:-1"},"canonical":"https:\/\/archivert.fr\/index.php\/mentions-legales\/","og_locale":"fr_FR","og_type":"article","og_title":"Mentions l\u00e9gales - Archivert","og_description":"Le pr\u00e9sent site Internet (le \u00ab Site \u00bb) est \u00e9dit\u00e9 par E.I. Agence Miyou, entreprise individuelle dont le si\u00e8ge social","og_url":"https:\/\/archivert.fr\/index.php\/mentions-legales\/","og_site_name":"Archivert","article_publisher":"https:\/\/www.facebook.com\/profile.php?id=100057197721161","article_modified_time":"2026-02-26T11:31:05+00:00","og_image":[{"width":266,"height":132,"url":"https:\/\/archivert.fr\/wp-content\/uploads\/2023\/09\/logo.png","type":"image\/png"}],"twitter_card":"summary_large_image","twitter_misc":{"Dur\u00e9e de lecture estim\u00e9e":"2 minutes"},"schema":{"@context":"https:\/\/schema.org","@graph":[{"@type":"WebPage","@id":"https:\/\/archivert.fr\/index.php\/mentions-legales\/","url":"https:\/\/archivert.fr\/index.php\/mentions-legales\/","name":"Mentions l\u00e9gales - Archivert","isPartOf":{"@id":"https:\/\/archivert.fr\/#website"},"datePublished":"2025-01-11T09:01:04+00:00","dateModified":"2026-02-26T11:31:05+00:00","breadcrumb":{"@id":"https:\/\/archivert.fr\/index.php\/mentions-legales\/#breadcrumb"},"inLanguage":"fr-FR","potentialAction":[{"@type":"ReadAction","target":["https:\/\/archivert.fr\/index.php\/mentions-legales\/"]}]},{"@type":"BreadcrumbList","@id":"https:\/\/archivert.fr\/index.php\/mentions-legales\/#breadcrumb","itemListElement":[{"@type":"ListItem","position":1,"name":"Accueil","item":"https:\/\/archivert.fr\/"},{"@type":"ListItem","position":2,"name":"Mentions l\u00e9gales"}]},{"@type":"WebSite","@id":"https:\/\/archivert.fr\/#website","url":"https:\/\/archivert.fr\/","name":"Archivert Paysagistes","description":"Paysagistes \u00e0 N\u00eemes, Uz\u00e8s, Argilliers dans le Gard","publisher":{"@id":"https:\/\/archivert.fr\/#organization"},"alternateName":"Archivert","potentialAction":[{"@type":"SearchAction","target":{"@type":"EntryPoint","urlTemplate":"https:\/\/archivert.fr\/?s={search_term_string}"},"query-input":{"@type":"PropertyValueSpecification","valueRequired":true,"valueName":"search_term_string"}}],"inLanguage":"fr-FR"},{"@type":"Organization","@id":"https:\/\/archivert.fr\/#organization","name":"Archivert","url":"https:\/\/archivert.fr\/","logo":{"@type":"ImageObject","inLanguage":"fr-FR","@id":"https:\/\/archivert.fr\/#\/schema\/logo\/image\/","url":"https:\/\/archivert.fr\/wp-content\/uploads\/2023\/09\/logo.png","contentUrl":"https:\/\/archivert.fr\/wp-content\/uploads\/2023\/09\/logo.png","width":266,"height":132,"caption":"Archivert"},"image":{"@id":"https:\/\/archivert.fr\/#\/schema\/logo\/image\/"},"sameAs":["https:\/\/www.facebook.com\/profile.php?id=100057197721161"]}]}},"_links":{"self":[{"href":"https:\/\/archivert.fr\/index.php\/wp-json\/wp\/v2\/pages\/21696","targetHints":{"allow":["GET"]}}],"collection":[{"href":"https:\/\/archivert.fr\/index.php\/wp-json\/wp\/v2\/pages"}],"about":[{"href":"https:\/\/archivert.fr\/index.php\/wp-json\/wp\/v2\/types\/page"}],"author":[{"embeddable":true,"href":"https:\/\/archivert.fr\/index.php\/wp-json\/wp\/v2\/users\/1"}],"replies":[{"embeddable":true,"href":"https:\/\/archivert.fr\/index.php\/wp-json\/wp\/v2\/comments?post=21696"}],"version-history":[{"count":2,"href":"https:\/\/archivert.fr\/index.php\/wp-json\/wp\/v2\/pages\/21696\/revisions"}],"predecessor-version":[{"id":21750,"href":"https:\/\/archivert.fr\/index.php\/wp-json\/wp\/v2\/pages\/21696\/revisions\/21750"}],"wp:attachment":[{"href":"https:\/\/archivert.fr\/index.php\/wp-json\/wp\/v2\/media?parent=21696"}],"curies":[{"name":"wp","href":"https:\/\/api.w.org\/{rel}","templated":true}]}}